{"id":227557,"date":"2024-07-06T21:31:44","date_gmt":"2024-07-06T19:31:44","guid":{"rendered":"https:\/\/asmc.education\/asmc\/meilleure-ecole-medecine-chinoise-formation\/"},"modified":"2024-07-06T21:31:44","modified_gmt":"2024-07-06T19:31:44","slug":"meilleure-ecole-medecine-chinoise-formation","status":"publish","type":"page","link":"https:\/\/asmc.education\/asmc\/meilleure-ecole-medecine-chinoise-formation\/","title":{"rendered":"Meilleure \u00e9cole de M\u00e9decine Chinoise,\u00a02024 &#8211; Acad\u00e9mie Sup\u00e9rieure de M\u00e9decine Chinoise"},"content":{"rendered":"","protected":false},"excerpt":{"rendered":"","protected":false},"author":1,"featured_media":0,"parent":0,"menu_order":0,"comment_status":"closed","ping_status":"closed","template":"","meta":{"footnotes":""},"class_list":["post-227557","page","type-page","status-publish","hentry"],"_links":{"self":[{"href":"https:\/\/asmc.education\/asmc\/wp-json\/wp\/v2\/pages\/227557","targetHints":{"allow":["GET"]}}],"collection":[{"href":"https:\/\/asmc.education\/asmc\/wp-json\/wp\/v2\/pages"}],"about":[{"href":"https:\/\/asmc.education\/asmc\/wp-json\/wp\/v2\/types\/page"}],"author":[{"embeddable":true,"href":"https:\/\/asmc.education\/asmc\/wp-json\/wp\/v2\/users\/1"}],"replies":[{"embeddable":true,"href":"https:\/\/asmc.education\/asmc\/wp-json\/wp\/v2\/comments?post=227557"}],"version-history":[{"count":0,"href":"https:\/\/asmc.education\/asmc\/wp-json\/wp\/v2\/pages\/227557\/revisions"}],"wp:attachment":[{"href":"https:\/\/asmc.education\/asmc\/wp-json\/wp\/v2\/media?parent=227557"}],"curies":[{"name":"wp","href":"https:\/\/api.w.org\/{rel}","templated":true}]}}