{"id":227447,"date":"2024-03-15T13:24:05","date_gmt":"2024-03-15T12:24:05","guid":{"rendered":"https:\/\/asmc-test.es\/asmc\/panier\/"},"modified":"2024-03-15T13:24:05","modified_gmt":"2024-03-15T12:24:05","slug":"panier","status":"publish","type":"page","link":"https:\/\/asmc.education\/asmc\/panier\/","title":{"rendered":"Panier"},"content":{"rendered":"<div data-block-name=\"woocommerce\/cart\" class=\"wp-block-woocommerce-cart alignwide is-loading\"><div data-block-name=\"woocommerce\/filled-cart-block\" class=\"wp-block-woocommerce-filled-cart-block\"><div data-block-name=\"woocommerce\/cart-items-block\" class=\"wp-block-woocommerce-cart-items-block\"><div data-block-name=\"woocommerce\/cart-line-items-block\" class=\"wp-block-woocommerce-cart-line-items-block\"><\/div>\n\n<div data-block-name=\"woocommerce\/cart-cross-sells-block\" class=\"wp-block-woocommerce-cart-cross-sells-block\"><h2 class=\"wp-block-heading has-large-font-size\">\u00c7a peut vous int\u00e9resser&#8230;<\/h2>\n\n<div data-block-name=\"woocommerce\/cart-cross-sells-products-block\" class=\"wp-block-woocommerce-cart-cross-sells-products-block\"><\/div><\/div><\/div>\n\n<div data-block-name=\"woocommerce\/cart-totals-block\" class=\"wp-block-woocommerce-cart-totals-block\"><div data-block-name=\"woocommerce\/cart-order-summary-block\" class=\"wp-block-woocommerce-cart-order-summary-block\"><div data-block-name=\"woocommerce\/cart-order-summary-heading-block\" class=\"wp-block-woocommerce-cart-order-summary-heading-block\"><\/div><div data-block-name=\"woocommerce\/cart-order-summary-coupon-form-block\" class=\"wp-block-woocommerce-cart-order-summary-coupon-form-block\"><\/div><div data-block-name=\"woocommerce\/cart-order-summary-totals-block\" class=\"wp-block-woocommerce-cart-order-summary-totals-block\">\n<div data-block-name=\"woocommerce\/cart-order-summary-subtotal-block\" class=\"wp-block-woocommerce-cart-order-summary-subtotal-block\"><\/div>\n<div data-block-name=\"woocommerce\/cart-order-summary-discount-block\" class=\"wp-block-woocommerce-cart-order-summary-discount-block\"><\/div>\n<div data-block-name=\"woocommerce\/cart-order-summary-fee-block\" class=\"wp-block-woocommerce-cart-order-summary-fee-block\"><\/div>\n<div data-block-name=\"woocommerce\/cart-order-summary-shipping-block\" class=\"wp-block-woocommerce-cart-order-summary-shipping-block\"><\/div>\n<div data-block-name=\"woocommerce\/cart-order-summary-taxes-block\" class=\"wp-block-woocommerce-cart-order-summary-taxes-block\"><\/div><\/div><\/div>\n\n<div data-block-name=\"woocommerce\/cart-express-payment-block\" class=\"wp-block-woocommerce-cart-express-payment-block\"><\/div>\n\n<div data-block-name=\"woocommerce\/proceed-to-checkout-block\" class=\"wp-block-woocommerce-proceed-to-checkout-block\"><\/div>\n\n<div data-block-name=\"woocommerce\/cart-accepted-payment-methods-block\" class=\"wp-block-woocommerce-cart-accepted-payment-methods-block\"><\/div><\/div><\/div>\n\n<div data-block-name=\"woocommerce\/empty-cart-block\" class=\"wp-block-woocommerce-empty-cart-block\"><h2 class=\"wp-block-heading has-text-align-center with-empty-cart-icon wc-block-cart__empty-cart__title\">Votre panier est actuellement vide\u00a0!<\/h2>\n\n<hr class=\"wp-block-separator has-alpha-channel-opacity is-style-dots\"\/>\n\n<h2 class=\"wp-block-heading has-text-align-center\">Nouveau dans la boutique<\/h2>\n\n<div data-block-name=\"woocommerce\/product-new\" data-columns=\"4\" data-rows=\"1\" class=\"wc-block-grid wp-block-product-new wp-block-woocommerce-product-new wc-block-product-new has-4-columns\"><ul class=\"wc-block-grid__products\"><li class=\"wc-block-grid__product\">\n\t\t\t\t<a href=\"https:\/\/asmc.education\/asmc\/produit\/formation-superieure-en-dietetique-chinoise-promotion-2026-2028\/\" class=\"wc-block-grid__product-link\">\n\t\t\t\t\t\n\t\t\t\t\t<div class=\"wc-block-grid__product-image\"><img loading=\"lazy\" decoding=\"async\" width=\"209\" height=\"236\" src=\"https:\/\/asmc.education\/asmc\/wp-content\/uploads\/2022\/10\/ASMC-little-placeholder.png\" class=\"attachment-woocommerce_thumbnail size-woocommerce_thumbnail\" alt=\"Formation Sup\u00e9rieure en Di\u00e9t\u00e9tique Chinoise \u2013 Promotion 2026-2028\" \/><\/div>\n\t\t\t\t\t<div class=\"wc-block-grid__product-title\">Formation Sup\u00e9rieure en Di\u00e9t\u00e9tique Chinoise \u2013 Promotion 2026-2028<\/div>\n\t\t\t\t<\/a>\n\t\t\t\t<div class=\"wc-block-grid__product-price price\"><span class=\"woocommerce-Price-amount amount\">2.600,00&nbsp;<span class=\"woocommerce-Price-currencySymbol\">&euro;<\/span><\/span><\/div>\n\t\t\t\t\n\t\t\t\t<div class=\"wp-block-button wc-block-grid__product-add-to-cart\"><a href=\"?add-to-cart=227849\" aria-label=\"Ajouter au panier\u00a0: &ldquo;Formation Sup\u00e9rieure en Di\u00e9t\u00e9tique Chinoise \u2013 Promotion 2026-2028&rdquo;\" data-quantity=\"1\" data-product_id=\"227849\" data-product_sku=\"\" data-price=\"2600\" rel=\"nofollow\" class=\"wp-block-button__link  add_to_cart_button ajax_add_to_cart\">Ajouter au panier<\/a><\/div>\n\t\t\t<\/li><li class=\"wc-block-grid__product\">\n\t\t\t\t<a href=\"https:\/\/asmc.education\/asmc\/produit\/formation-superieure-en-acupuncture-promotion-2026-2028\/\" class=\"wc-block-grid__product-link\">\n\t\t\t\t\t\n\t\t\t\t\t<div class=\"wc-block-grid__product-image\"><img loading=\"lazy\" decoding=\"async\" width=\"209\" height=\"236\" src=\"https:\/\/asmc.education\/asmc\/wp-content\/uploads\/2022\/10\/ASMC-little-placeholder.png\" class=\"attachment-woocommerce_thumbnail size-woocommerce_thumbnail\" alt=\"Formation Sup\u00e9rieure en Acupuncture \u2013 Promotion 2026-2028\" \/><\/div>\n\t\t\t\t\t<div class=\"wc-block-grid__product-title\">Formation Sup\u00e9rieure en Acupuncture \u2013 Promotion 2026-2028<\/div>\n\t\t\t\t<\/a>\n\t\t\t\t<div class=\"wc-block-grid__product-price price\"><span class=\"woocommerce-Price-amount amount\">5.850,00&nbsp;<span class=\"woocommerce-Price-currencySymbol\">&euro;<\/span><\/span><\/div>\n\t\t\t\t\n\t\t\t\t<div class=\"wp-block-button wc-block-grid__product-add-to-cart\"><a href=\"?add-to-cart=227848\" aria-label=\"Ajouter au panier\u00a0: &ldquo;Formation Sup\u00e9rieure en Acupuncture \u2013 Promotion 2026-2028&rdquo;\" data-quantity=\"1\" data-product_id=\"227848\" data-product_sku=\"\" data-price=\"5850\" rel=\"nofollow\" class=\"wp-block-button__link  add_to_cart_button ajax_add_to_cart\">Ajouter au panier<\/a><\/div>\n\t\t\t<\/li><li class=\"wc-block-grid__product\">\n\t\t\t\t<a href=\"https:\/\/asmc.education\/asmc\/produit\/formation-en-massage-chinois-tui-na-promotion-2026-2028\/\" class=\"wc-block-grid__product-link\">\n\t\t\t\t\t\n\t\t\t\t\t<div class=\"wc-block-grid__product-image\"><img loading=\"lazy\" decoding=\"async\" width=\"209\" height=\"236\" src=\"https:\/\/asmc.education\/asmc\/wp-content\/uploads\/2022\/10\/ASMC-little-placeholder.png\" class=\"attachment-woocommerce_thumbnail size-woocommerce_thumbnail\" alt=\"Formation en Massage Chinois Tui Na \u2013 Promotion 2026-2028\" \/><\/div>\n\t\t\t\t\t<div class=\"wc-block-grid__product-title\">Formation en Massage Chinois Tui Na \u2013 Promotion 2026-2028<\/div>\n\t\t\t\t<\/a>\n\t\t\t\t<div class=\"wc-block-grid__product-price price\"><span class=\"woocommerce-Price-amount amount\">2.600,00&nbsp;<span class=\"woocommerce-Price-currencySymbol\">&euro;<\/span><\/span><\/div>\n\t\t\t\t\n\t\t\t\t<div class=\"wp-block-button wc-block-grid__product-add-to-cart\"><a href=\"?add-to-cart=227847\" aria-label=\"Ajouter au panier\u00a0: &ldquo;Formation en Massage Chinois Tui Na \u2013 Promotion 2026-2028&rdquo;\" data-quantity=\"1\" data-product_id=\"227847\" data-product_sku=\"\" data-price=\"2600\" rel=\"nofollow\" class=\"wp-block-button__link  add_to_cart_button ajax_add_to_cart\">Ajouter au panier<\/a><\/div>\n\t\t\t<\/li><li class=\"wc-block-grid__product\">\n\t\t\t\t<a href=\"https:\/\/asmc.education\/asmc\/produit\/formation-qi-gong-et-medecine-du-tao-promotion-2026-2028\/\" class=\"wc-block-grid__product-link\">\n\t\t\t\t\t\n\t\t\t\t\t<div class=\"wc-block-grid__product-image\"><img loading=\"lazy\" decoding=\"async\" width=\"209\" height=\"236\" src=\"https:\/\/asmc.education\/asmc\/wp-content\/uploads\/2022\/10\/ASMC-little-placeholder.png\" class=\"attachment-woocommerce_thumbnail size-woocommerce_thumbnail\" alt=\"Formation Qi Gong et M\u00e9decine du Tao \u2013 Promotion 2026-2028\" \/><\/div>\n\t\t\t\t\t<div class=\"wc-block-grid__product-title\">Formation Qi Gong et M\u00e9decine du Tao \u2013 Promotion 2026-2028<\/div>\n\t\t\t\t<\/a>\n\t\t\t\t<div class=\"wc-block-grid__product-price price\"><span class=\"woocommerce-Price-amount amount\">2.600,00&nbsp;<span class=\"woocommerce-Price-currencySymbol\">&euro;<\/span><\/span><\/div>\n\t\t\t\t\n\t\t\t\t<div class=\"wp-block-button wc-block-grid__product-add-to-cart\"><a href=\"?add-to-cart=227846\" aria-label=\"Ajouter au panier\u00a0: &ldquo;Formation Qi Gong et M\u00e9decine du Tao \u2013 Promotion 2026-2028&rdquo;\" data-quantity=\"1\" data-product_id=\"227846\" data-product_sku=\"\" data-price=\"2600\" rel=\"nofollow\" class=\"wp-block-button__link  add_to_cart_button ajax_add_to_cart\">Ajouter au panier<\/a><\/div>\n\t\t\t<\/li><\/ul><\/div><\/div><\/div>","protected":false},"excerpt":{"rendered":"","protected":false},"author":1,"featured_media":0,"parent":0,"menu_order":0,"comment_status":"closed","ping_status":"closed","template":"","meta":{"footnotes":""},"class_list":["post-227447","page","type-page","status-publish","hentry"],"_links":{"self":[{"href":"https:\/\/asmc.education\/asmc\/wp-json\/wp\/v2\/pages\/227447","targetHints":{"allow":["GET"]}}],"collection":[{"href":"https:\/\/asmc.education\/asmc\/wp-json\/wp\/v2\/pages"}],"about":[{"href":"https:\/\/asmc.education\/asmc\/wp-json\/wp\/v2\/types\/page"}],"author":[{"embeddable":true,"href":"https:\/\/asmc.education\/asmc\/wp-json\/wp\/v2\/users\/1"}],"replies":[{"embeddable":true,"href":"https:\/\/asmc.education\/asmc\/wp-json\/wp\/v2\/comments?post=227447"}],"version-history":[{"count":0,"href":"https:\/\/asmc.education\/asmc\/wp-json\/wp\/v2\/pages\/227447\/revisions"}],"wp:attachment":[{"href":"https:\/\/asmc.education\/asmc\/wp-json\/wp\/v2\/media?parent=227447"}],"curies":[{"name":"wp","href":"https:\/\/api.w.org\/{rel}","templated":true}]}}