{"id":226789,"date":"2023-02-03T20:14:29","date_gmt":"2023-02-03T19:14:29","guid":{"rendered":"https:\/\/asmc.education\/?page_id=226789"},"modified":"2024-03-06T13:37:24","modified_gmt":"2024-03-06T12:37:24","slug":"nos-partenaires","status":"publish","type":"page","link":"https:\/\/asmc.education\/asmc\/nos-partenaires\/","title":{"rendered":"Nos Partenaires"},"content":{"rendered":"<p>[et_pb_section fb_built=\u00a0\u00bb1&Prime; admin_label=\u00a0\u00bbTitre Nos Partenaires\u00a0\u00bb _builder_version=\u00a0\u00bb4.19.4&Prime; _module_preset=\u00a0\u00bbdefault\u00a0\u00bb background_color=\u00a0\u00bb#330075&Prime; z_index=\u00a0\u00bb500&Prime; overflow-x=\u00a0\u00bbvisible\u00a0\u00bb overflow-y=\u00a0\u00bbvisible\u00a0\u00bb custom_margin=\u00a0\u00bb||||false|false\u00a0\u00bb custom_padding=\u00a0\u00bb0px||8px||false|false\u00a0\u00bb animation_style=\u00a0\u00bbslide\u00a0\u00bb animation_direction=\u00a0\u00bbbottom\u00a0\u00bb animation_delay=\u00a0\u00bb1000ms\u00a0\u00bb border_width_top=\u00a0\u00bb1px\u00a0\u00bb border_color_top=\u00a0\u00bb#F4F2F8&Prime; border_width_bottom=\u00a0\u00bb1px\u00a0\u00bb border_color_bottom=\u00a0\u00bb#F4F2F8&Prime; global_colors_info=\u00a0\u00bb{}\u00a0\u00bb][et_pb_row custom_padding_last_edited=\u00a0\u00bbon|tablet\u00a0\u00bb _builder_version=\u00a0\u00bb4.18.0&Prime; _module_preset=\u00a0\u00bbdefault\u00a0\u00bb width_tablet=\u00a0\u00bb100%\u00a0\u00bb width_phone=\u00a0\u00bb100%\u00a0\u00bb width_last_edited=\u00a0\u00bbon|phone\u00a0\u00bb max_width=\u00a0\u00bb100%\u00a0\u00bb max_width_tablet=\u00a0\u00bb100%\u00a0\u00bb max_width_phone=\u00a0\u00bb90%\u00a0\u00bb max_width_last_edited=\u00a0\u00bbon|phone\u00a0\u00bb module_alignment=\u00a0\u00bbleft\u00a0\u00bb custom_margin=\u00a0\u00bb||||false|false\u00a0\u00bb custom_margin_tablet=\u00a0\u00bb||||false|false\u00a0\u00bb custom_margin_phone=\u00a0\u00bb||||false|false\u00a0\u00bb custom_margin_last_edited=\u00a0\u00bbon|desktop\u00a0\u00bb custom_padding=\u00a0\u00bb0px||0px|100px|false|false\u00a0\u00bb custom_padding_tablet=\u00a0\u00bb|||40px|false|false\u00a0\u00bb custom_padding_phone=\u00a0\u00bb|0px||5px|false|false\u00a0\u00bb module_alignment_tablet=\u00a0\u00bb\u00a0\u00bb module_alignment_phone=\u00a0\u00bbcenter\u00a0\u00bb module_alignment_last_edited=\u00a0\u00bbon|phone\u00a0\u00bb border_color_top=\u00a0\u00bb#D6CCE3&Prime; border_color_bottom=\u00a0\u00bb#D6CCE3&Prime; global_colors_info=\u00a0\u00bb{}\u00a0\u00bb][et_pb_column type=\u00a0\u00bb4_4&Prime; _builder_version=\u00a0\u00bb4.18.0&Prime; _module_preset=\u00a0\u00bbdefault\u00a0\u00bb custom_padding_tablet=\u00a0\u00bb\u00a0\u00bb custom_padding_phone=\u00a0\u00bb5px||0px||false|false\u00a0\u00bb custom_padding_last_edited=\u00a0\u00bbon|phone\u00a0\u00bb global_colors_info=\u00a0\u00bb{}\u00a0\u00bb][et_pb_text module_class=\u00a0\u00bbmain-title\u00a0\u00bb _builder_version=\u00a0\u00bb4.19.4&Prime; _module_preset=\u00a0\u00bbdefault\u00a0\u00bb header_font_size=\u00a0\u00bb74px\u00a0\u00bb width=\u00a0\u00bb100%\u00a0\u00bb custom_margin=\u00a0\u00bb||||false|false\u00a0\u00bb custom_margin_tablet=\u00a0\u00bb||||false|false\u00a0\u00bb custom_margin_phone=\u00a0\u00bb4px||||false|false\u00a0\u00bb custom_margin_last_edited=\u00a0\u00bbon|phone\u00a0\u00bb custom_padding_tablet=\u00a0\u00bb\u00a0\u00bb custom_padding_phone=\u00a0\u00bb||||false|false\u00a0\u00bb custom_padding_last_edited=\u00a0\u00bbon|phone\u00a0\u00bb header_font_size_tablet=\u00a0\u00bb67px\u00a0\u00bb header_font_size_phone=\u00a0\u00bb34px\u00a0\u00bb header_font_size_last_edited=\u00a0\u00bbon|phone\u00a0\u00bb global_colors_info=\u00a0\u00bb{}\u00a0\u00bb]<\/p>\n<h1 style=\"text-align: left;\"><span data-metadata=\"&lt;!--(figmeta)eyJmaWxlS2V5IjoiYnhzMDlibXNhemMyNVBiWk5PU21QOCIsInBhc3RlSUQiOjE2MjQzODMyNTQsImRhdGFUeXBlIjoic2NlbmUifQo=(\/figmeta)--&gt;\"><\/span><strong>Nos partenaires<\/strong><\/h1>\n<p>[\/et_pb_text][\/et_pb_column][\/et_pb_row][\/et_pb_section][et_pb_section fb_built=\u00a0\u00bb1&Prime; admin_label=\u00a0\u00bbSection LIENS PARTENAIRES\u00a0\u00bb _builder_version=\u00a0\u00bb4.19.4&Prime; _module_preset=\u00a0\u00bbdefault\u00a0\u00bb custom_padding=\u00a0\u00bb16px||0px|||\u00a0\u00bb animation_style=\u00a0\u00bbslide\u00a0\u00bb animation_direction=\u00a0\u00bbbottom\u00a0\u00bb animation_delay=\u00a0\u00bb1000ms\u00a0\u00bb animation_intensity_slide=\u00a0\u00bb2%\u00a0\u00bb global_colors_info=\u00a0\u00bb{}\u00a0\u00bb][et_pb_row _builder_version=\u00a0\u00bb4.19.4&Prime; _module_preset=\u00a0\u00bbdefault\u00a0\u00bb width=\u00a0\u00bb50%\u00a0\u00bb width_tablet=\u00a0\u00bb90%\u00a0\u00bb width_phone=\u00a0\u00bb90%\u00a0\u00bb width_last_edited=\u00a0\u00bbon|desktop\u00a0\u00bb module_alignment=\u00a0\u00bbcenter\u00a0\u00bb global_colors_info=\u00a0\u00bb{}\u00a0\u00bb][et_pb_column type=\u00a0\u00bb4_4&Prime; _builder_version=\u00a0\u00bb4.19.4&Prime; _module_preset=\u00a0\u00bbdefault\u00a0\u00bb global_colors_info=\u00a0\u00bb{}\u00a0\u00bb][et_pb_testimonial author=\u00a0\u00bbhttps:\/\/sionneau.com\/\u00a0\u00bb url_new_window=\u00a0\u00bbon\u00a0\u00bb portrait_url=\u00a0\u00bbhttps:\/\/asmc.education\/wp-content\/uploads\/2022\/11\/logo.png\u00a0\u00bb quote_icon=\u00a0\u00bboff\u00a0\u00bb _builder_version=\u00a0\u00bb4.19.4&Prime; _module_preset=\u00a0\u00bbdefault\u00a0\u00bb body_font=\u00a0\u00bb|600|||||||\u00a0\u00bb body_text_color=\u00a0\u00bb#000000&Prime; body_font_size=\u00a0\u00bb18px\u00a0\u00bb author_font=\u00a0\u00bbDarker Grotesque|700|||||||\u00a0\u00bb author_text_color=\u00a0\u00bb#330075&Prime; author_font_size=\u00a0\u00bb28px\u00a0\u00bb author_line_height=\u00a0\u00bb0.5em\u00a0\u00bb background_color=\u00a0\u00bb#F4F2F8&Prime; animation_style=\u00a0\u00bbslide\u00a0\u00bb animation_direction=\u00a0\u00bbbottom\u00a0\u00bb animation_delay=\u00a0\u00bb1000ms\u00a0\u00bb animation_intensity_slide=\u00a0\u00bb6%\u00a0\u00bb link_option_url=\u00a0\u00bbhttps:\/\/sionneau.com\/\u00a0\u00bb link_option_url_new_window=\u00a0\u00bbon\u00a0\u00bb border_radii=\u00a0\u00bbon|13px|13px|13px|13px\u00a0\u00bb border_style_all_portrait=\u00a0\u00bbnone\u00a0\u00bb global_colors_info=\u00a0\u00bb{}\u00a0\u00bb]<\/p>\n<p>Le site de Philippe Sionneau : articles, vid\u00e9os, forums, glossaire des termes de m\u00e9decine chinoise, livres, formations, etc.<\/p>\n<p>[\/et_pb_testimonial][et_pb_testimonial author=\u00a0\u00bbhttps:\/\/formation-en-acupuncture.com\u00a0\u00bb url_new_window=\u00a0\u00bbon\u00a0\u00bb portrait_url=\u00a0\u00bbhttps:\/\/asmc.education\/wp-content\/uploads\/2023\/02\/FSA-Formation-superieure-en-acupuncture.jpg\u00a0\u00bb quote_icon=\u00a0\u00bboff\u00a0\u00bb _builder_version=\u00a0\u00bb4.19.4&Prime; _module_preset=\u00a0\u00bbdefault\u00a0\u00bb body_font=\u00a0\u00bb|600|||||||\u00a0\u00bb body_text_color=\u00a0\u00bb#000000&Prime; body_font_size=\u00a0\u00bb18px\u00a0\u00bb author_font=\u00a0\u00bbDarker Grotesque|700|||||||\u00a0\u00bb author_text_color=\u00a0\u00bb#330075&Prime; author_font_size=\u00a0\u00bb28px\u00a0\u00bb author_line_height=\u00a0\u00bb0.5em\u00a0\u00bb background_color=\u00a0\u00bb#F4F2F8&Prime; animation_style=\u00a0\u00bbslide\u00a0\u00bb animation_direction=\u00a0\u00bbbottom\u00a0\u00bb animation_delay=\u00a0\u00bb1000ms\u00a0\u00bb animation_intensity_slide=\u00a0\u00bb6%\u00a0\u00bb link_option_url=\u00a0\u00bbhttps:\/\/formation-en-acupuncture.com\u00a0\u00bb link_option_url_new_window=\u00a0\u00bbon\u00a0\u00bb border_radii=\u00a0\u00bbon|13px|13px|13px|13px\u00a0\u00bb border_style_all_portrait=\u00a0\u00bbnone\u00a0\u00bb global_colors_info=\u00a0\u00bb{}\u00a0\u00bb]<\/p>\n<p>La Formation Sup\u00e9rieure en Acupuncture (<strong>FSA<\/strong>) pour ceux qui veulent aller plus loin dans l&rsquo;\u00e9tude et la pratique de cet Art ancestral.<\/p>\n<p>[\/et_pb_testimonial][et_pb_testimonial author=\u00a0\u00bbhttp:\/\/acupuncture-andorre.com\/\u00a0\u00bb url_new_window=\u00a0\u00bbon\u00a0\u00bb portrait_url=\u00a0\u00bbhttps:\/\/asmc.education\/wp-content\/uploads\/2023\/02\/250&#215;250-Small.png\u00a0\u00bb quote_icon=\u00a0\u00bboff\u00a0\u00bb _builder_version=\u00a0\u00bb4.19.4&Prime; _module_preset=\u00a0\u00bbdefault\u00a0\u00bb body_font=\u00a0\u00bb|600|||||||\u00a0\u00bb body_text_color=\u00a0\u00bb#000000&Prime; body_font_size=\u00a0\u00bb18px\u00a0\u00bb author_font=\u00a0\u00bbDarker Grotesque|700|||||||\u00a0\u00bb author_text_color=\u00a0\u00bb#330075&Prime; author_font_size=\u00a0\u00bb28px\u00a0\u00bb author_line_height=\u00a0\u00bb0.5em\u00a0\u00bb background_color=\u00a0\u00bb#F4F2F8&Prime; animation_style=\u00a0\u00bbslide\u00a0\u00bb animation_direction=\u00a0\u00bbbottom\u00a0\u00bb animation_delay=\u00a0\u00bb200ms\u00a0\u00bb animation_intensity_slide=\u00a0\u00bb6%\u00a0\u00bb link_option_url=\u00a0\u00bbhttp:\/\/acupuncture-andorre.com\/\u00a0\u00bb link_option_url_new_window=\u00a0\u00bbon\u00a0\u00bb border_radii=\u00a0\u00bbon|13px|13px|13px|13px\u00a0\u00bb border_radii_portrait=\u00a0\u00bbon|0px|0px|0px|0px\u00a0\u00bb border_style_all_portrait=\u00a0\u00bbnone\u00a0\u00bb global_colors_info=\u00a0\u00bb{}\u00a0\u00bb]<\/p>\n<p>Le cabinet de Philippe Sionneau \u00e0 Andorre la Vieille &#8211; Possibilit\u00e9 de consultation en visioconf\u00e9rence. Tel : (+376) 66 88 84 ou (+33) (0)6 78 48 04 40<\/p>\n<p>[\/et_pb_testimonial][et_pb_testimonial author=\u00a0\u00bbhttps:\/\/www.terre-de-jade.fr\/\u00a0\u00bb url_new_window=\u00a0\u00bbon\u00a0\u00bb portrait_url=\u00a0\u00bbhttps:\/\/asmc.education\/wp-content\/uploads\/2023\/02\/terre-de-jade.jpg\u00a0\u00bb quote_icon=\u00a0\u00bboff\u00a0\u00bb _builder_version=\u00a0\u00bb4.20.2&Prime; _module_preset=\u00a0\u00bbdefault\u00a0\u00bb body_font=\u00a0\u00bb|600|||||||\u00a0\u00bb body_text_color=\u00a0\u00bb#000000&Prime; body_font_size=\u00a0\u00bb18px\u00a0\u00bb author_font=\u00a0\u00bbDarker Grotesque|700|||||||\u00a0\u00bb author_text_color=\u00a0\u00bb#330075&Prime; author_font_size=\u00a0\u00bb28px\u00a0\u00bb author_line_height=\u00a0\u00bb0.5em\u00a0\u00bb background_color=\u00a0\u00bb#F4F2F8&Prime; animation_style=\u00a0\u00bbslide\u00a0\u00bb animation_direction=\u00a0\u00bbbottom\u00a0\u00bb animation_delay=\u00a0\u00bb200ms\u00a0\u00bb animation_intensity_slide=\u00a0\u00bb6%\u00a0\u00bb link_option_url=\u00a0\u00bbhttps:\/\/www.terre-de-jade.fr\/\u00a0\u00bb link_option_url_new_window=\u00a0\u00bbon\u00a0\u00bb hover_enabled=\u00a0\u00bb0&Prime; border_radii=\u00a0\u00bbon|13px|13px|13px|13px\u00a0\u00bb border_radii_portrait=\u00a0\u00bbon|402px|402px|402px|402px\u00a0\u00bb border_style_all_portrait=\u00a0\u00bbnone\u00a0\u00bb global_colors_info=\u00a0\u00bb{}\u00a0\u00bb sticky_enabled=\u00a0\u00bb0&Prime;]<\/p>\n<p><strong>Soc<\/strong><strong>i\u00e9t\u00e9 Terre de Jade<\/strong> : Distributeur exclusif de la lampe Wai Qi TDP pour la France. Distributeur du Qi Vitalizer (Chi Machine) et de la natte infrarouge Wai-Qi &#8211; t\u00e9l : (00-33)-08.79.08.77.65.<\/p>\n<p>[\/et_pb_testimonial][et_pb_testimonial author=\u00a0\u00bbhttps:\/\/calebasse.com\/\u00a0\u00bb url_new_window=\u00a0\u00bbon\u00a0\u00bb portrait_url=\u00a0\u00bbhttps:\/\/asmc.education\/wp-content\/uploads\/2023\/02\/calebasse-verte-france.png\u00a0\u00bb quote_icon=\u00a0\u00bboff\u00a0\u00bb _builder_version=\u00a0\u00bb4.19.5&Prime; _module_preset=\u00a0\u00bbdefault\u00a0\u00bb body_font=\u00a0\u00bb|600|||||||\u00a0\u00bb body_text_color=\u00a0\u00bb#000000&Prime; body_font_size=\u00a0\u00bb18px\u00a0\u00bb author_font=\u00a0\u00bbDarker Grotesque|700|||||||\u00a0\u00bb author_text_color=\u00a0\u00bb#330075&Prime; author_font_size=\u00a0\u00bb28px\u00a0\u00bb author_line_height=\u00a0\u00bb0.5em\u00a0\u00bb background_color=\u00a0\u00bb#F4F2F8&Prime; animation_style=\u00a0\u00bbslide\u00a0\u00bb animation_direction=\u00a0\u00bbbottom\u00a0\u00bb animation_delay=\u00a0\u00bb200ms\u00a0\u00bb animation_intensity_slide=\u00a0\u00bb6%\u00a0\u00bb link_option_url=\u00a0\u00bbhttps:\/\/calebasse.com\/\u00a0\u00bb link_option_url_new_window=\u00a0\u00bbon\u00a0\u00bb border_radii=\u00a0\u00bbon|13px|13px|13px|13px\u00a0\u00bb border_radii_portrait=\u00a0\u00bbon|0px|0px|0px|0px\u00a0\u00bb border_style_all_portrait=\u00a0\u00bbnone\u00a0\u00bb global_colors_info=\u00a0\u00bb{}\u00a0\u00bb]<\/p>\n<p><strong>La Calebasse verte<\/strong> : <strong><\/strong><strong><\/strong>Laboratoire fran\u00e7ais de la pharmacop\u00e9e chinoise depuis 1997.<\/p>\n<p>[\/et_pb_testimonial][et_pb_testimonial author=\u00a0\u00bbhttps:\/\/www.planetaverd.net\u00a0\u00bb url_new_window=\u00a0\u00bbon\u00a0\u00bb portrait_url=\u00a0\u00bbhttps:\/\/asmc.education\/wp-content\/uploads\/2023\/02\/planeta-verd.png\u00a0\u00bb quote_icon=\u00a0\u00bboff\u00a0\u00bb _builder_version=\u00a0\u00bb4.20.2&Prime; _module_preset=\u00a0\u00bbdefault\u00a0\u00bb body_font=\u00a0\u00bb|600|||||||\u00a0\u00bb body_text_color=\u00a0\u00bb#000000&Prime; body_font_size=\u00a0\u00bb18px\u00a0\u00bb author_font=\u00a0\u00bbDarker Grotesque|700|||||||\u00a0\u00bb author_text_color=\u00a0\u00bb#330075&Prime; author_font_size=\u00a0\u00bb28px\u00a0\u00bb author_line_height=\u00a0\u00bb0.5em\u00a0\u00bb background_color=\u00a0\u00bb#F4F2F8&Prime; animation_style=\u00a0\u00bbslide\u00a0\u00bb animation_direction=\u00a0\u00bbbottom\u00a0\u00bb animation_delay=\u00a0\u00bb200ms\u00a0\u00bb animation_intensity_slide=\u00a0\u00bb6%\u00a0\u00bb link_option_url=\u00a0\u00bbhttps:\/\/www.planetaverd.net\u00a0\u00bb link_option_url_new_window=\u00a0\u00bbon\u00a0\u00bb hover_enabled=\u00a0\u00bb0&Prime; border_radii=\u00a0\u00bbon|13px|13px|13px|13px\u00a0\u00bb border_radii_portrait=\u00a0\u00bbon|464px|464px|464px|464px\u00a0\u00bb border_style_all_portrait=\u00a0\u00bbnone\u00a0\u00bb global_colors_info=\u00a0\u00bb{}\u00a0\u00bb sticky_enabled=\u00a0\u00bb0&Prime;]<\/p>\n<p><strong><\/strong><strong>Planeta Verd<\/strong> : Vente en ligne sp\u00e9cialis\u00e9e en MTC :\u00a0 Pharmacop\u00e9e chinoise \u2013 Mat\u00e9riel d\u2019acupuncture et de Tui Na \u2013 Librairie sp\u00e9cialis\u00e9e<\/p>\n<p>[\/et_pb_testimonial][et_pb_testimonial author=\u00a0\u00bbhttps:\/\/www.sinolux.lu\/\u00a0\u00bb url_new_window=\u00a0\u00bbon\u00a0\u00bb portrait_url=\u00a0\u00bbhttps:\/\/asmc.education\/wp-content\/uploads\/2023\/02\/sinolux-1-1.jpg\u00a0\u00bb quote_icon=\u00a0\u00bboff\u00a0\u00bb _builder_version=\u00a0\u00bb4.19.5&Prime; _module_preset=\u00a0\u00bbdefault\u00a0\u00bb body_font=\u00a0\u00bb|600|||||||\u00a0\u00bb body_text_color=\u00a0\u00bb#000000&Prime; body_font_size=\u00a0\u00bb18px\u00a0\u00bb author_font=\u00a0\u00bbDarker Grotesque|700|||||||\u00a0\u00bb author_text_color=\u00a0\u00bb#330075&Prime; author_font_size=\u00a0\u00bb28px\u00a0\u00bb author_line_height=\u00a0\u00bb0.5em\u00a0\u00bb background_color=\u00a0\u00bb#F4F2F8&Prime; animation_style=\u00a0\u00bbslide\u00a0\u00bb animation_direction=\u00a0\u00bbbottom\u00a0\u00bb animation_delay=\u00a0\u00bb200ms\u00a0\u00bb animation_intensity_slide=\u00a0\u00bb6%\u00a0\u00bb link_option_url=\u00a0\u00bbhttps:\/\/www.sinolux.lu\/\u00a0\u00bb link_option_url_new_window=\u00a0\u00bbon\u00a0\u00bb border_radii=\u00a0\u00bbon|13px|13px|13px|13px\u00a0\u00bb border_radii_portrait=\u00a0\u00bbon|0px|0px|0px|0px\u00a0\u00bb border_style_all_portrait=\u00a0\u00bbnone\u00a0\u00bb global_colors_info=\u00a0\u00bb{}\u00a0\u00bb]<\/p>\n<p><strong><\/strong><strong>Sinolux :<\/strong> Sp\u00e9cialiste en pharmacop\u00e9e chinoise depuis plus de 30 ans<\/p>\n<p>[\/et_pb_testimonial][et_pb_testimonial author=\u00a0\u00bbhttps:\/\/www.cabinetgerbault.com\u00a0\u00bb url_new_window=\u00a0\u00bbon\u00a0\u00bb portrait_url=\u00a0\u00bbhttps:\/\/asmc.education\/wp-content\/uploads\/2024\/02\/logo-CGERBAULT.jpg\u00a0\u00bb quote_icon=\u00a0\u00bboff\u00a0\u00bb _builder_version=\u00a0\u00bb4.20.2&Prime; _module_preset=\u00a0\u00bbdefault\u00a0\u00bb body_font=\u00a0\u00bb|600|||||||\u00a0\u00bb body_text_color=\u00a0\u00bb#000000&Prime; body_font_size=\u00a0\u00bb18px\u00a0\u00bb author_font=\u00a0\u00bbDarker Grotesque|700|||||||\u00a0\u00bb author_text_color=\u00a0\u00bb#330075&Prime; author_font_size=\u00a0\u00bb28px\u00a0\u00bb author_line_height=\u00a0\u00bb0.5em\u00a0\u00bb background_color=\u00a0\u00bb#F4F2F8&Prime; animation_style=\u00a0\u00bbslide\u00a0\u00bb animation_direction=\u00a0\u00bbbottom\u00a0\u00bb animation_delay=\u00a0\u00bb200ms\u00a0\u00bb animation_intensity_slide=\u00a0\u00bb6%\u00a0\u00bb link_option_url=\u00a0\u00bbhttps:\/\/www.cabinetgerbault.com\/index.html\u00a0\u00bb link_option_url_new_window=\u00a0\u00bbon\u00a0\u00bb border_radii=\u00a0\u00bbon|13px|13px|13px|13px\u00a0\u00bb border_radii_portrait=\u00a0\u00bbon|0px|0px|0px|0px\u00a0\u00bb border_style_all_portrait=\u00a0\u00bbnone\u00a0\u00bb global_colors_info=\u00a0\u00bb{}\u00a0\u00bb]<\/p>\n<p><strong><\/strong><span><strong>Le Cabinet Gerbault\u00a0:<\/strong> l\u2019Assureur sp\u00e9cialis\u00e9 dans la responsabilit\u00e9 civile professionnelle des acupuncteurs non-m\u00e9decins\u00a0<\/span><\/p>\n<p>[\/et_pb_testimonial][et_pb_testimonial author=\u00a0\u00bbhttps:\/\/institut-yin-yang.com\/\u00a0\u00bb url_new_window=\u00a0\u00bbon\u00a0\u00bb portrait_url=\u00a0\u00bbhttps:\/\/asmc.education\/wp-content\/uploads\/2024\/03\/Partenaire-Institut-Yin-Yang.png\u00a0\u00bb quote_icon=\u00a0\u00bboff\u00a0\u00bb _builder_version=\u00a0\u00bb4.20.2&Prime; _module_preset=\u00a0\u00bbdefault\u00a0\u00bb body_font=\u00a0\u00bb|600|||||||\u00a0\u00bb body_text_color=\u00a0\u00bb#000000&Prime; body_font_size=\u00a0\u00bb18px\u00a0\u00bb author_font=\u00a0\u00bbDarker Grotesque|700|||||||\u00a0\u00bb author_text_color=\u00a0\u00bb#330075&Prime; author_font_size=\u00a0\u00bb28px\u00a0\u00bb author_line_height=\u00a0\u00bb0.5em\u00a0\u00bb background_color=\u00a0\u00bb#F4F2F8&Prime; animation_style=\u00a0\u00bbslide\u00a0\u00bb animation_direction=\u00a0\u00bbbottom\u00a0\u00bb animation_delay=\u00a0\u00bb200ms\u00a0\u00bb animation_intensity_slide=\u00a0\u00bb6%\u00a0\u00bb link_option_url=\u00a0\u00bbhttps:\/\/institut-yin-yang.com\/\u00a0\u00bb link_option_url_new_window=\u00a0\u00bbon\u00a0\u00bb hover_enabled=\u00a0\u00bb0&Prime; border_radii=\u00a0\u00bbon|13px|13px|13px|13px\u00a0\u00bb border_radii_portrait=\u00a0\u00bbon|8px|8px|8px|8px\u00a0\u00bb border_style_all_portrait=\u00a0\u00bbnone\u00a0\u00bb global_colors_info=\u00a0\u00bb{}\u00a0\u00bb title_text=\u00a0\u00bbPartenaire-Institut-Yin-Yang\u00a0\u00bb sticky_enabled=\u00a0\u00bb0&Prime;]<\/p>\n<p><strong><\/strong><span><strong>L\u2019institut Yin Yang :<\/strong> l\u2019\u00e9diteur sp\u00e9cialis\u00e9 en m\u00e9decine chinoise et acupuncture, en langue fran\u00e7aise.<\/span><\/p>\n<p>[\/et_pb_testimonial][\/et_pb_column][\/et_pb_row][\/et_pb_section]<\/p>\n","protected":false},"excerpt":{"rendered":"<p>[et_pb_section fb_built=\u00a0\u00bb1&Prime; admin_label=\u00a0\u00bbTitre Nos Partenaires\u00a0\u00bb _builder_version=\u00a0\u00bb4.19.4&Prime; _module_preset=\u00a0\u00bbdefault\u00a0\u00bb background_color=\u00a0\u00bb#330075&Prime; z_index=\u00a0\u00bb500&Prime; overflow-x=\u00a0\u00bbvisible\u00a0\u00bb overflow-y=\u00a0\u00bbvisible\u00a0\u00bb custom_margin=\u00a0\u00bb||||false|false\u00a0\u00bb custom_padding=\u00a0\u00bb0px||8px||false|false\u00a0\u00bb animation_style=\u00a0\u00bbslide\u00a0\u00bb animation_direction=\u00a0\u00bbbottom\u00a0\u00bb animation_delay=\u00a0\u00bb1000ms\u00a0\u00bb border_width_top=\u00a0\u00bb1px\u00a0\u00bb border_color_top=\u00a0\u00bb#F4F2F8&Prime; border_width_bottom=\u00a0\u00bb1px\u00a0\u00bb border_color_bottom=\u00a0\u00bb#F4F2F8&Prime; global_colors_info=\u00a0\u00bb{}\u00a0\u00bb][et_pb_row custom_padding_last_edited=\u00a0\u00bbon|tablet\u00a0\u00bb _builder_version=\u00a0\u00bb4.18.0&Prime; _module_preset=\u00a0\u00bbdefault\u00a0\u00bb width_tablet=\u00a0\u00bb100%\u00a0\u00bb width_phone=\u00a0\u00bb100%\u00a0\u00bb width_last_edited=\u00a0\u00bbon|phone\u00a0\u00bb max_width=\u00a0\u00bb100%\u00a0\u00bb max_width_tablet=\u00a0\u00bb100%\u00a0\u00bb max_width_phone=\u00a0\u00bb90%\u00a0\u00bb max_width_last_edited=\u00a0\u00bbon|phone\u00a0\u00bb module_alignment=\u00a0\u00bbleft\u00a0\u00bb custom_margin=\u00a0\u00bb||||false|false\u00a0\u00bb custom_margin_tablet=\u00a0\u00bb||||false|false\u00a0\u00bb custom_margin_phone=\u00a0\u00bb||||false|false\u00a0\u00bb custom_margin_last_edited=\u00a0\u00bbon|desktop\u00a0\u00bb custom_padding=\u00a0\u00bb0px||0px|100px|false|false\u00a0\u00bb custom_padding_tablet=\u00a0\u00bb|||40px|false|false\u00a0\u00bb custom_padding_phone=\u00a0\u00bb|0px||5px|false|false\u00a0\u00bb module_alignment_tablet=\u00a0\u00bb\u00a0\u00bb module_alignment_phone=\u00a0\u00bbcenter\u00a0\u00bb module_alignment_last_edited=\u00a0\u00bbon|phone\u00a0\u00bb border_color_top=\u00a0\u00bb#D6CCE3&Prime; border_color_bottom=\u00a0\u00bb#D6CCE3&Prime; global_colors_info=\u00a0\u00bb{}\u00a0\u00bb][et_pb_column type=\u00a0\u00bb4_4&Prime; _builder_version=\u00a0\u00bb4.18.0&Prime; _module_preset=\u00a0\u00bbdefault\u00a0\u00bb custom_padding_tablet=\u00a0\u00bb\u00a0\u00bb custom_padding_phone=\u00a0\u00bb5px||0px||false|false\u00a0\u00bb custom_padding_last_edited=\u00a0\u00bbon|phone\u00a0\u00bb global_colors_info=\u00a0\u00bb{}\u00a0\u00bb][et_pb_text module_class=\u00a0\u00bbmain-title\u00a0\u00bb _builder_version=\u00a0\u00bb4.19.4&Prime; _module_preset=\u00a0\u00bbdefault\u00a0\u00bb [&hellip;]<\/p>\n","protected":false},"author":4,"featured_media":0,"parent":0,"menu_order":0,"comment_status":"closed","ping_status":"closed","template":"","meta":{"footnotes":""},"class_list":["post-226789","page","type-page","status-publish","hentry"],"_links":{"self":[{"href":"https:\/\/asmc.education\/asmc\/wp-json\/wp\/v2\/pages\/226789","targetHints":{"allow":["GET"]}}],"collection":[{"href":"https:\/\/asmc.education\/asmc\/wp-json\/wp\/v2\/pages"}],"about":[{"href":"https:\/\/asmc.education\/asmc\/wp-json\/wp\/v2\/types\/page"}],"author":[{"embeddable":true,"href":"https:\/\/asmc.education\/asmc\/wp-json\/wp\/v2\/users\/4"}],"replies":[{"embeddable":true,"href":"https:\/\/asmc.education\/asmc\/wp-json\/wp\/v2\/comments?post=226789"}],"version-history":[{"count":26,"href":"https:\/\/asmc.education\/asmc\/wp-json\/wp\/v2\/pages\/226789\/revisions"}],"predecessor-version":[{"id":227371,"href":"https:\/\/asmc.education\/asmc\/wp-json\/wp\/v2\/pages\/226789\/revisions\/227371"}],"wp:attachment":[{"href":"https:\/\/asmc.education\/asmc\/wp-json\/wp\/v2\/media?parent=226789"}],"curies":[{"name":"wp","href":"https:\/\/api.w.org\/{rel}","templated":true}]}}